{"id":3095,"date":"2024-02-07T10:10:59","date_gmt":"2024-02-07T09:10:59","guid":{"rendered":"https:\/\/www.cdrpompe.com\/kundenspezifische-pumpen\/"},"modified":"2025-03-11T19:20:25","modified_gmt":"2025-03-11T18:20:25","slug":"kundenspezifische-pumpen","status":"publish","type":"page","link":"https:\/\/www.cdrpompe.com\/de\/kundenspezifische-pumpen\/","title":{"rendered":"Kundenspezifische Pumpen"},"content":{"rendered":"<div class=\"wpb-content-wrapper\"><p>[vc_row equal_height=&#8220;yes&#8220; css=&#8220;.vc_custom_1712934227838{padding-top: 50px !important;padding-bottom: 50px !important;}&#8220;][vc_column width=&#8220;1\/2&#8243;][vc_column_text]<\/p>\n<h3 style=\"text-align: left; color: ##009fe3;\">Planung und Realisierung von vertikalen und horizontalen Kreiselpumpen f\u00fcr die kritischsten Anwendungen<\/h3>\n<p>[\/vc_column_text][vc_separator align=&#8220;align_left&#8220;][vc_column_text css=&#8220;&#8220;]<\/p>\n<ul>\n<li style=\"text-align: justify;\"><strong>UTS-B IN LINE<\/strong> Einstufige magnetangetriebene Kreiselpumpe mit Medienber\u00fchrten Teilen aus Edelstahl. Diese Pumpen k\u00f6nnten direkt an den Rohrleitungen installiert werden. Die Ansaug- und F\u00f6rderanschl\u00fcsse liegen auf einer Linie.<\/li>\n<li style=\"text-align: justify;\"><strong>CVN<\/strong> sind vertikale Tauchpumpen aus thermoplastischem PP- oder PVDF-Material (Teile, die mit der Prozessfl\u00fcssigkeit in Ber\u00fchrung kommen). Sie sind auf einer metallischen Grundplatte montiert, auf der Wannenseite abgedeckt und \u00fcber eine elastische Kupplung mit dem Motorteil verbunden.<\/li>\n<li style=\"text-align: justify;\"><strong>TMVN<\/strong> Vertikale einstufige Tauchpumpen mit Magnetantrieb. Entwickelt nach Kundenbedarf, Teile in Kontakt mit der Fl\u00fcssigkeit aus PVDF. Diese Pumpen eignen sich f\u00fcr extrem gef\u00e4hrliche Anwendungen mit niedrigem NPSH-Wert.<\/li>\n<\/ul>\n<p>[\/vc_column_text][\/vc_column][vc_column width=&#8220;1\/2&#8243;][vc_single_image image=&#8220;3110&#8243; img_size=&#8220;large&#8220; alignment=&#8220;center&#8220; css=&#8220;.vc_custom_1716807395207{padding-top: 40px !important;}&#8220; css_animation=&#8220;fadeIn&#8220;][\/vc_column][\/vc_row][vc_row full_width=&#8220;stretch_row&#8220; interactions_enabled=&#8220;1&#8243; vertical_scroll=&#8220;1&#8243; vertical_scroll_direction=&#8220;vertical_scroll_direction_down&#8220; vertical_scroll_speed=&#8220;1&#8243; vertical_scroll_viewport_top=&#8220;20&#8243; css=&#8220;.vc_custom_1712925027432{padding-top: 50px !important;padding-bottom: 50px !important;background-color: #02586d !important;}&#8220;][vc_column][vc_column_text css=&#8220;.vc_custom_1739953283987{padding-right: 40px !important;padding-left: 10px !important;}&#8220;]<\/p>\n<p style=\"text-align: justify; color: #fff;\">&#8211; CDR verf\u00fcgt \u00fcber ein technisches B\u00fcro sowie eine Forschungs- und Entwicklungsabteilung, die in der Lage sind, zahlreiche Anfragen f\u00fcr viele Anwendungsbereiche zu erf\u00fcllen. Kontaktieren Sie uns, um die f\u00fcr Ihre Systemanforderungen geeignete L\u00f6sung zu entwickeln. Pumpen sind aus Edelstahl, PP, ETFE, PVDF und PFA erh\u00e4ltlich<\/p>\n<p>[\/vc_column_text][vc_btn title=&#8220;Kontaktieren Sie uns&#8220; style=&#8220;custom&#8220; custom_background=&#8220;#009fe3&#8243; custom_text=&#8220;#ffffff&#8220; align=&#8220;center&#8220; button_block=&#8220;true&#8220; el_class=&#8220;bottone-personalizzato&#8220; link=&#8220;url:https%3A%2F%2Fwww.cdrpompe.com%2Fde%2Fkontakt%2F%23form-contatti|title:Kontakt|&#8220; el_id=&#8220;dark-button&#8220;][\/vc_column][\/vc_row][vc_row css_animation=&#8220;fadeInUp&#8220;][vc_column][vc_empty_space height=&#8220;30px&#8220;][vc_row_inner][vc_column_inner width=&#8220;1\/3&#8243;][vc_single_image image=&#8220;2895&#8243; img_size=&#8220;medium&#8220; alignment=&#8220;center&#8220; onclick=&#8220;custom_link&#8220; el_class=&#8220;pompa-img&#8220; link=&#8220;https:\/\/www.cdrpompe.com\/de\/kundenspezifische-pumpen\/uts-b-line\/&#8220;][vc_btn title=&#8220;UTS-B LINE&#8220; style=&#8220;custom&#8220; custom_background=&#8220;#009fe3&#8243; custom_text=&#8220;#ffffff&#8220; align=&#8220;center&#8220; button_block=&#8220;true&#8220; el_class=&#8220;bottone-personalizzato&#8220; link=&#8220;url:https%3A%2F%2Fwww.cdrpompe.com%2Fde%2Fkundenspezifische-pumpen%2Futs-b-line%2F|title:UTS-B%20LINE|&#8220;][\/vc_column_inner][vc_column_inner width=&#8220;1\/3&#8243;][vc_single_image image=&#8220;3105&#8243; img_size=&#8220;medium&#8220; alignment=&#8220;center&#8220; onclick=&#8220;custom_link&#8220; el_class=&#8220;pompa-img&#8220; link=&#8220;https:\/\/www.cdrpompe.com\/de\/kundenspezifische-pumpen\/cvn\/&#8220;][vc_btn title=&#8220;CVN&#8220; style=&#8220;custom&#8220; custom_background=&#8220;#009fe3&#8243; custom_text=&#8220;#ffffff&#8220; align=&#8220;center&#8220; button_block=&#8220;true&#8220; el_class=&#8220;bottone-personalizzato&#8220; link=&#8220;url:https%3A%2F%2Fwww.cdrpompe.com%2Fde%2Fkundenspezifische-pumpen%2Fcvn%2F|title:CVN|&#8220;][\/vc_column_inner][vc_column_inner width=&#8220;1\/3&#8243;][vc_single_image image=&#8220;3053&#8243; img_size=&#8220;medium&#8220; alignment=&#8220;center&#8220; onclick=&#8220;custom_link&#8220; el_class=&#8220;pompa-img&#8220; link=&#8220;https:\/\/www.cdrpompe.com\/de\/kundenspezifische-pumpen\/tmvn\/&#8220;][vc_btn title=&#8220;TMVN&#8220; style=&#8220;custom&#8220; custom_background=&#8220;#009fe3&#8243; custom_text=&#8220;#ffffff&#8220; align=&#8220;center&#8220; button_block=&#8220;true&#8220; el_class=&#8220;bottone-personalizzato&#8220; link=&#8220;url:https%3A%2F%2Fwww.cdrpompe.com%2Fde%2Fkundenspezifische-pumpen%2Ftmvn%2F|title:TMVN|&#8220;][\/vc_column_inner][\/vc_row_inner][vc_empty_space height=&#8220;40px&#8220;][\/vc_column][\/vc_row][vc_row full_width=&#8220;stretch_row&#8220; css_animation=&#8220;fadeIn&#8220; css=&#8220;.vc_custom_1681739946763{margin-top: 0px !important;margin-bottom: 0px !important;border-top-width: 0px !important;border-bottom-width: 0px !important;padding-top: 0px !important;padding-bottom: 0px !important;background-color: #02586d !important;}&#8220;][vc_column][vc_empty_space height=&#8220;5px&#8220;][vc_column_text]<\/p>\n<h2 style=\"text-align: center;\">Abonnieren Sie unseren Newsletter<\/h2>\n<p style=\"text-align: center;\"><span style=\"color: #ffffff;\">Entdecken Sie exklusiv die neuesten Produkte und die wichtigsten News.<\/span><\/p>\n<p>[\/vc_column_text]<script type=\"text\/javascript\">\n\/* <![CDATA[ *\/\nvar gform;gform||(document.addEventListener(\"gform_main_scripts_loaded\",function(){gform.scriptsLoaded=!0}),document.addEventListener(\"gform\/theme\/scripts_loaded\",function(){gform.themeScriptsLoaded=!0}),window.addEventListener(\"DOMContentLoaded\",function(){gform.domLoaded=!0}),gform={domLoaded:!1,scriptsLoaded:!1,themeScriptsLoaded:!1,isFormEditor:()=>\"function\"==typeof InitializeEditor,callIfLoaded:function(o){return!(!gform.domLoaded||!gform.scriptsLoaded||!gform.themeScriptsLoaded&&!gform.isFormEditor()||(gform.isFormEditor()&&console.warn(\"The use of gform.initializeOnLoaded() is deprecated in the form editor context and will be removed in Gravity Forms 3.1.\"),o(),0))},initializeOnLoaded:function(o){gform.callIfLoaded(o)||(document.addEventListener(\"gform_main_scripts_loaded\",()=>{gform.scriptsLoaded=!0,gform.callIfLoaded(o)}),document.addEventListener(\"gform\/theme\/scripts_loaded\",()=>{gform.themeScriptsLoaded=!0,gform.callIfLoaded(o)}),window.addEventListener(\"DOMContentLoaded\",()=>{gform.domLoaded=!0,gform.callIfLoaded(o)}))},hooks:{action:{},filter:{}},addAction:function(o,r,e,t){gform.addHook(\"action\",o,r,e,t)},addFilter:function(o,r,e,t){gform.addHook(\"filter\",o,r,e,t)},doAction:function(o){gform.doHook(\"action\",o,arguments)},applyFilters:function(o){return gform.doHook(\"filter\",o,arguments)},removeAction:function(o,r){gform.removeHook(\"action\",o,r)},removeFilter:function(o,r,e){gform.removeHook(\"filter\",o,r,e)},addHook:function(o,r,e,t,n){null==gform.hooks[o][r]&&(gform.hooks[o][r]=[]);var d=gform.hooks[o][r];null==n&&(n=r+\"_\"+d.length),gform.hooks[o][r].push({tag:n,callable:e,priority:t=null==t?10:t})},doHook:function(r,o,e){var t;if(e=Array.prototype.slice.call(e,1),null!=gform.hooks[r][o]&&((o=gform.hooks[r][o]).sort(function(o,r){return o.priority-r.priority}),o.forEach(function(o){\"function\"!=typeof(t=o.callable)&&(t=window[t]),\"action\"==r?t.apply(null,e):e[0]=t.apply(null,e)})),\"filter\"==r)return e[0]},removeHook:function(o,r,t,n){var e;null!=gform.hooks[o][r]&&(e=(e=gform.hooks[o][r]).filter(function(o,r,e){return!!(null!=n&&n!=o.tag||null!=t&&t!=o.priority)}),gform.hooks[o][r]=e)}});\n\/* ]]> *\/\n<\/script>\n\n                <div class='gf_browser_gecko gform_wrapper gravity-theme gform-theme--no-framework' data-form-theme='gravity-theme' data-form-index='0' id='gform_wrapper_2' >\n                        <div class='gform_heading'>\n\t\t\t\t\t\t\t<p class='gform_required_legend'>\u201e<span class=\"gfield_required gfield_required_asterisk\">*<\/span>\u201c zeigt erforderliche Felder an<\/p>\n                        <\/div><form method='post' enctype='multipart\/form-data'  id='gform_2'  action='\/de\/wp-json\/wp\/v2\/pages\/3095' data-formid='2' novalidate><div class='gf_invisible ginput_recaptchav3' data-sitekey='6LeGtT8qAAAAACzuPyrmta9VrCDZBcmhlJGL92P_' data-tabindex='0'><input id=\"input_e2b319fd2e41264554e8d155ce5222e0\" class=\"gfield_recaptcha_response\" type=\"hidden\" name=\"input_e2b319fd2e41264554e8d155ce5222e0\" value=\"\"\/><\/div>\n                        <div class='gform-body gform_body'><div id='gform_fields_2' class='gform_fields top_label form_sublabel_below description_below validation_below'><div id=\"field_2_1\" class=\"gfield gfield--type-email gfield--input-type-email gfield_contains_required field_sublabel_below gfield--no-description field_description_below hidden_label field_validation_below gfield_visibility_visible\"  ><label class='gfield_label gform-field-label' for='input_2_1'>E-Mail<span class=\"gfield_required\"><span class=\"gfield_required gfield_required_asterisk\">*<\/span><\/span><\/label><div class='ginput_container ginput_container_email'>\n                            <input name='input_1' id='input_2_1' type='email' value='' class='large'   placeholder='E-Mail' aria-required=\"true\" aria-invalid=\"false\"  \/>\n                        <\/div><\/div><fieldset id=\"field_2_3\" class=\"gfield gfield--type-consent gfield--type-choice gfield--input-type-consent gfield_contains_required field_sublabel_below gfield--no-description field_description_below field_validation_below gfield_visibility_visible\"  ><legend class='gfield_label gform-field-label gfield_label_before_complex' >Datenschutz<span class=\"gfield_required\"><span class=\"gfield_required gfield_required_asterisk\">*<\/span><\/span><\/legend><div class='ginput_container ginput_container_consent'><input name='input_3.1' id='input_2_3_1' type='checkbox' value='1'   aria-required=\"true\" aria-invalid=\"false\"   \/> <label class=\"gform-field-label gform-field-label--type-inline gfield_consent_label\" for='input_2_3_1' >Ich best\u00e4tige, dass ich die<a href=\"https:\/\/www.cdrpompe.com\/de\/datenschutzerklaerung\/\"> Datenschutzerkl\u00e4rung zur Kenntnis genommen habe<\/a>.<\/label><input type='hidden' name='input_3.2' value='Ich best\u00e4tige, dass ich die&lt;a href=&quot;https:\/\/www.cdrpompe.com\/de\/datenschutzerklaerung\/&quot;&gt; Datenschutzerkl\u00e4rung zur Kenntnis genommen habe&lt;\/a&gt;.' class='gform_hidden' \/><input type='hidden' name='input_3.3' value='1' class='gform_hidden' \/><\/div><\/fieldset><\/div><\/div>\n        <div class='gform-footer gform_footer top_label'> <input type='submit' id='gform_submit_button_2' class='gform_button button' onclick='gform.submission.handleButtonClick(this);' data-submission-type='submit' value='Melden Sie sich jetzt an!'  \/> \n            <input type='hidden' class='gform_hidden' name='gform_submission_method' data-js='gform_submission_method_2' value='postback' \/>\n            <input type='hidden' class='gform_hidden' name='gform_theme' data-js='gform_theme_2' id='gform_theme_2' value='gravity-theme' \/>\n            <input type='hidden' class='gform_hidden' name='gform_style_settings' data-js='gform_style_settings_2' id='gform_style_settings_2' value='[]' \/>\n            <input type='hidden' class='gform_hidden' name='is_submit_2' value='1' \/>\n            <input type='hidden' class='gform_hidden' name='gform_submit' value='2' \/>\n            \n            <input type='hidden' class='gform_hidden' name='gform_unique_id' value='' \/>\n            <input type='hidden' class='gform_hidden' name='state_2' value='WyJ7XCIzLjFcIjpcIjA0N2QyNTc0NjUzMmVkYTRjM2I4ODE2NzRhMzhjOWRlXCIsXCIzLjJcIjpcImNjMWZlYTE3MzQ4ZjFmNWE3ZGU0ZGU1OGNjOTc1YjFkXCIsXCIzLjNcIjpcIjA0N2QyNTc0NjUzMmVkYTRjM2I4ODE2NzRhMzhjOWRlXCJ9IiwiNTgyMmE3ODliZDJhOGNkZjNjNzMyNTUyZTVkYzdmNDIiXQ==' \/>\n            <input type='hidden' autocomplete='off' class='gform_hidden' name='gform_target_page_number_2' id='gform_target_page_number_2' value='0' \/>\n            <input type='hidden' autocomplete='off' class='gform_hidden' name='gform_source_page_number_2' id='gform_source_page_number_2' value='1' \/>\n            <input type='hidden' name='gform_field_values' value='' \/>\n            \n        <\/div>\n                        <\/form>\n                        <\/div><script type=\"text\/javascript\">\n\/* <![CDATA[ *\/\n gform.initializeOnLoaded( function() {gformInitSpinner( 2, 'https:\/\/www.cdrpompe.com\/wp-content\/plugins\/gravityforms\/images\/spinner.svg', true );jQuery('#gform_ajax_frame_2').on('load',function(){var contents = jQuery(this).contents().find('*').html();var is_postback = contents.indexOf('GF_AJAX_POSTBACK') >= 0;if(!is_postback){return;}var form_content = jQuery(this).contents().find('#gform_wrapper_2');var is_confirmation = jQuery(this).contents().find('#gform_confirmation_wrapper_2').length > 0;var is_redirect = contents.indexOf('gformRedirect(){') >= 0;var is_form = form_content.length > 0 && ! is_redirect && ! is_confirmation;var mt = parseInt(jQuery('html').css('margin-top'), 10) + parseInt(jQuery('body').css('margin-top'), 10) + 100;if(is_form){jQuery('#gform_wrapper_2').html(form_content.html());if(form_content.hasClass('gform_validation_error')){jQuery('#gform_wrapper_2').addClass('gform_validation_error');} else {jQuery('#gform_wrapper_2').removeClass('gform_validation_error');}setTimeout( function() { \/* delay the scroll by 50 milliseconds to fix a bug in chrome *\/  }, 50 );if(window['gformInitDatepicker']) {gformInitDatepicker();}if(window['gformInitPriceFields']) {gformInitPriceFields();}var current_page = jQuery('#gform_source_page_number_2').val();gformInitSpinner( 2, 'https:\/\/www.cdrpompe.com\/wp-content\/plugins\/gravityforms\/images\/spinner.svg', true );jQuery(document).trigger('gform_page_loaded', [2, current_page]);window['gf_submitting_2'] = false;}else if(!is_redirect){var confirmation_content = jQuery(this).contents().find('.GF_AJAX_POSTBACK').html();if(!confirmation_content){confirmation_content = contents;}jQuery('#gform_wrapper_2').replaceWith(confirmation_content);jQuery(document).trigger('gform_confirmation_loaded', [2]);window['gf_submitting_2'] = false;wp.a11y.speak(jQuery('#gform_confirmation_message_2').text());}else{jQuery('#gform_2').append(contents);if(window['gformRedirect']) {gformRedirect();}}jQuery(document).trigger(\"gform_pre_post_render\", [{ formId: \"2\", currentPage: \"current_page\", abort: function() { this.preventDefault(); } }]);        if (event && event.defaultPrevented) {                return;        }        const gformWrapperDiv = document.getElementById( \"gform_wrapper_2\" );        if ( gformWrapperDiv ) {            const visibilitySpan = document.createElement( \"span\" );            visibilitySpan.id = \"gform_visibility_test_2\";            gformWrapperDiv.insertAdjacentElement( \"afterend\", visibilitySpan );        }        const visibilityTestDiv = document.getElementById( \"gform_visibility_test_2\" );        let postRenderFired = false;        function triggerPostRender() {            if ( postRenderFired ) {                return;            }            postRenderFired = true;            gform.core.triggerPostRenderEvents( 2, current_page );            if ( visibilityTestDiv ) {                visibilityTestDiv.parentNode.removeChild( visibilityTestDiv );            }        }        function debounce( func, wait, immediate ) {            var timeout;            return function() {                var context = this, args = arguments;                var later = function() {                    timeout = null;                    if ( !immediate ) func.apply( context, args );                };                var callNow = immediate && !timeout;                clearTimeout( timeout );                timeout = setTimeout( later, wait );                if ( callNow ) func.apply( context, args );            };        }        const debouncedTriggerPostRender = debounce( function() {            triggerPostRender();        }, 200 );        if ( visibilityTestDiv && visibilityTestDiv.offsetParent === null ) {            const observer = new MutationObserver( ( mutations ) => {                mutations.forEach( ( mutation ) => {                    if ( mutation.type === 'attributes' && visibilityTestDiv.offsetParent !== null ) {                        debouncedTriggerPostRender();                        observer.disconnect();                    }                });            });            observer.observe( document.body, {                attributes: true,                childList: false,                subtree: true,                attributeFilter: [ 'style', 'class' ],            });        } else {            triggerPostRender();        }    } );} ); \n\/* ]]> *\/\n<\/script>\n[\/vc_column][\/vc_row]<\/p>\n<\/div>","protected":false},"excerpt":{"rendered":"<p>[vc_row equal_height=&#8220;yes&#8220; css=&#8220;.vc_custom_1712934227838{padding-top: 50px !important;padding-bottom: 50px !important;}&#8220;][vc_column width=&#8220;1\/2&#8243;][vc_column_text] Planung und Realisierung von vertikalen und horizontalen Kreiselpumpen f\u00fcr die kritischsten Anwendungen&#8230;<\/p>\n","protected":false},"author":6,"featured_media":0,"parent":0,"menu_order":0,"comment_status":"closed","ping_status":"closed","template":"","meta":{"_acf_changed":false,"footnotes":""},"class_list":["post-3095","page","type-page","status-publish"],"acf":[],"yoast_head":"<!-- This site is optimized with the Yoast SEO plugin v27.5 - https:\/\/yoast.com\/product\/yoast-seo-wordpress\/ -->\n<title>Kundenspezifische Pumpen - CDR Pompe<\/title>\n<meta name=\"description\" content=\"Ma\u00dfgeschneiderte Pumpenl\u00f6sungen f\u00fcr Ihre speziellen Anforderungen \u2013 effizient, sicher und perfekt an Ihre Industrieprozesse angepasst.\" \/>\n<meta name=\"robots\" content=\"index, follow, max-snippet:-1, max-image-preview:large, max-video-preview:-1\" \/>\n<link rel=\"canonical\" href=\"https:\/\/www.cdrpompe.com\/de\/kundenspezifische-pumpen\/\" \/>\n<meta property=\"og:locale\" content=\"de_DE\" \/>\n<meta property=\"og:type\" content=\"article\" \/>\n<meta property=\"og:title\" content=\"Kundenspezifische Pumpen - CDR Pompe\" \/>\n<meta property=\"og:description\" content=\"Ma\u00dfgeschneiderte Pumpenl\u00f6sungen f\u00fcr Ihre speziellen Anforderungen \u2013 effizient, sicher und perfekt an Ihre Industrieprozesse angepasst.\" \/>\n<meta property=\"og:url\" content=\"https:\/\/www.cdrpompe.com\/de\/kundenspezifische-pumpen\/\" \/>\n<meta property=\"og:site_name\" content=\"CDR Pompe\" \/>\n<meta property=\"article:modified_time\" content=\"2025-03-11T18:20:25+00:00\" \/>\n<meta name=\"twitter:card\" content=\"summary_large_image\" \/>\n<meta name=\"twitter:label1\" content=\"Gesch\u00e4tzte Lesezeit\" \/>\n\t<meta name=\"twitter:data1\" content=\"2\u00a0Minuten\" \/>\n<script type=\"application\/ld+json\" class=\"yoast-schema-graph\">{\"@context\":\"https:\\\/\\\/schema.org\",\"@graph\":[{\"@type\":\"WebPage\",\"@id\":\"https:\\\/\\\/www.cdrpompe.com\\\/de\\\/kundenspezifische-pumpen\\\/\",\"url\":\"https:\\\/\\\/www.cdrpompe.com\\\/de\\\/kundenspezifische-pumpen\\\/\",\"name\":\"Kundenspezifische Pumpen - CDR Pompe\",\"isPartOf\":{\"@id\":\"https:\\\/\\\/www.cdrpompe.com\\\/de\\\/#website\"},\"datePublished\":\"2024-02-07T09:10:59+00:00\",\"dateModified\":\"2025-03-11T18:20:25+00:00\",\"description\":\"Ma\u00dfgeschneiderte Pumpenl\u00f6sungen f\u00fcr Ihre speziellen Anforderungen \u2013 effizient, sicher und perfekt an Ihre Industrieprozesse angepasst.\",\"breadcrumb\":{\"@id\":\"https:\\\/\\\/www.cdrpompe.com\\\/de\\\/kundenspezifische-pumpen\\\/#breadcrumb\"},\"inLanguage\":\"de\",\"potentialAction\":[{\"@type\":\"ReadAction\",\"target\":[\"https:\\\/\\\/www.cdrpompe.com\\\/de\\\/kundenspezifische-pumpen\\\/\"]}]},{\"@type\":\"BreadcrumbList\",\"@id\":\"https:\\\/\\\/www.cdrpompe.com\\\/de\\\/kundenspezifische-pumpen\\\/#breadcrumb\",\"itemListElement\":[{\"@type\":\"ListItem\",\"position\":1,\"name\":\"Home\",\"item\":\"https:\\\/\\\/www.cdrpompe.com\\\/de\\\/\"},{\"@type\":\"ListItem\",\"position\":2,\"name\":\"Kundenspezifische Pumpen\"}]},{\"@type\":\"WebSite\",\"@id\":\"https:\\\/\\\/www.cdrpompe.com\\\/de\\\/#website\",\"url\":\"https:\\\/\\\/www.cdrpompe.com\\\/de\\\/\",\"name\":\"CDR Pompe\",\"description\":\"\",\"potentialAction\":[{\"@type\":\"SearchAction\",\"target\":{\"@type\":\"EntryPoint\",\"urlTemplate\":\"https:\\\/\\\/www.cdrpompe.com\\\/de\\\/?s={search_term_string}\"},\"query-input\":{\"@type\":\"PropertyValueSpecification\",\"valueRequired\":true,\"valueName\":\"search_term_string\"}}],\"inLanguage\":\"de\"}]}<\/script>\n<!-- \/ Yoast SEO plugin. -->","yoast_head_json":{"title":"Kundenspezifische Pumpen - CDR Pompe","description":"Ma\u00dfgeschneiderte Pumpenl\u00f6sungen f\u00fcr Ihre speziellen Anforderungen \u2013 effizient, sicher und perfekt an Ihre Industrieprozesse angepasst.","robots":{"index":"index","follow":"follow","max-snippet":"max-snippet:-1","max-image-preview":"max-image-preview:large","max-video-preview":"max-video-preview:-1"},"canonical":"https:\/\/www.cdrpompe.com\/de\/kundenspezifische-pumpen\/","og_locale":"de_DE","og_type":"article","og_title":"Kundenspezifische Pumpen - CDR Pompe","og_description":"Ma\u00dfgeschneiderte Pumpenl\u00f6sungen f\u00fcr Ihre speziellen Anforderungen \u2013 effizient, sicher und perfekt an Ihre Industrieprozesse angepasst.","og_url":"https:\/\/www.cdrpompe.com\/de\/kundenspezifische-pumpen\/","og_site_name":"CDR Pompe","article_modified_time":"2025-03-11T18:20:25+00:00","twitter_card":"summary_large_image","twitter_misc":{"Gesch\u00e4tzte Lesezeit":"2\u00a0Minuten"},"schema":{"@context":"https:\/\/schema.org","@graph":[{"@type":"WebPage","@id":"https:\/\/www.cdrpompe.com\/de\/kundenspezifische-pumpen\/","url":"https:\/\/www.cdrpompe.com\/de\/kundenspezifische-pumpen\/","name":"Kundenspezifische Pumpen - CDR Pompe","isPartOf":{"@id":"https:\/\/www.cdrpompe.com\/de\/#website"},"datePublished":"2024-02-07T09:10:59+00:00","dateModified":"2025-03-11T18:20:25+00:00","description":"Ma\u00dfgeschneiderte Pumpenl\u00f6sungen f\u00fcr Ihre speziellen Anforderungen \u2013 effizient, sicher und perfekt an Ihre Industrieprozesse angepasst.","breadcrumb":{"@id":"https:\/\/www.cdrpompe.com\/de\/kundenspezifische-pumpen\/#breadcrumb"},"inLanguage":"de","potentialAction":[{"@type":"ReadAction","target":["https:\/\/www.cdrpompe.com\/de\/kundenspezifische-pumpen\/"]}]},{"@type":"BreadcrumbList","@id":"https:\/\/www.cdrpompe.com\/de\/kundenspezifische-pumpen\/#breadcrumb","itemListElement":[{"@type":"ListItem","position":1,"name":"Home","item":"https:\/\/www.cdrpompe.com\/de\/"},{"@type":"ListItem","position":2,"name":"Kundenspezifische Pumpen"}]},{"@type":"WebSite","@id":"https:\/\/www.cdrpompe.com\/de\/#website","url":"https:\/\/www.cdrpompe.com\/de\/","name":"CDR Pompe","description":"","potentialAction":[{"@type":"SearchAction","target":{"@type":"EntryPoint","urlTemplate":"https:\/\/www.cdrpompe.com\/de\/?s={search_term_string}"},"query-input":{"@type":"PropertyValueSpecification","valueRequired":true,"valueName":"search_term_string"}}],"inLanguage":"de"}]}},"_links":{"self":[{"href":"https:\/\/www.cdrpompe.com\/de\/wp-json\/wp\/v2\/pages\/3095","targetHints":{"allow":["GET"]}}],"collection":[{"href":"https:\/\/www.cdrpompe.com\/de\/wp-json\/wp\/v2\/pages"}],"about":[{"href":"https:\/\/www.cdrpompe.com\/de\/wp-json\/wp\/v2\/types\/page"}],"author":[{"embeddable":true,"href":"https:\/\/www.cdrpompe.com\/de\/wp-json\/wp\/v2\/users\/6"}],"replies":[{"embeddable":true,"href":"https:\/\/www.cdrpompe.com\/de\/wp-json\/wp\/v2\/comments?post=3095"}],"version-history":[{"count":3,"href":"https:\/\/www.cdrpompe.com\/de\/wp-json\/wp\/v2\/pages\/3095\/revisions"}],"predecessor-version":[{"id":6261,"href":"https:\/\/www.cdrpompe.com\/de\/wp-json\/wp\/v2\/pages\/3095\/revisions\/6261"}],"wp:attachment":[{"href":"https:\/\/www.cdrpompe.com\/de\/wp-json\/wp\/v2\/media?parent=3095"}],"curies":[{"name":"wp","href":"https:\/\/api.w.org\/{rel}","templated":true}]}}