{"id":2940,"date":"2023-04-11T16:34:45","date_gmt":"2023-04-11T14:34:45","guid":{"rendered":"https:\/\/www.cdrpompe.com\/datenschutzerklaerung\/"},"modified":"2025-03-11T19:10:25","modified_gmt":"2025-03-11T18:10:25","slug":"datenschutzerklaerung","status":"publish","type":"page","link":"https:\/\/www.cdrpompe.com\/de\/datenschutzerklaerung\/","title":{"rendered":"Datenschutzerkl\u00e4rung"},"content":{"rendered":"<div class=\"wpb-content-wrapper\"><p>[vc_row full_width=&#8220;stretch_row&#8220; content_placement=&#8220;middle&#8220; background_position_desktop=&#8220;center center&#8220; parallax=&#8220;content-moving&#8220; css=&#8220;.vc_custom_1681737681625{margin-top: 0px !important;margin-bottom: 0px !important;background-image: url(https:\/\/www.cdrpompe.com\/wp-content\/uploads\/2023\/04\/header-privacy-policy.jpg?id=36) !important;background-position: center;background-repeat: no-repeat !important;background-size: cover !important;}&#8220;][vc_column][vc_empty_space height=&#8220;100px&#8220;][\/vc_column][\/vc_row][vc_row full_width=&#8220;stretch_row&#8220; content_placement=&#8220;middle&#8220; background_position_desktop=&#8220;center center&#8220; css=&#8220;.vc_custom_1681292053196{margin-top: 0px !important;margin-bottom: 0px !important;background-color: #002939 !important;background-position: center !important;background-repeat: no-repeat !important;background-size: cover !important;}&#8220;][vc_column][vc_column_text css_animation=&#8220;none&#8220;]<\/p>\n<h1 style=\"text-align: center;\">Datenschutz- und Cookie-Richtlinien<\/h1>\n<p>[\/vc_column_text][vc_empty_space height=&#8220;20px&#8220;][\/vc_column][\/vc_row][vc_row][vc_column][vc_single_image image=&#8220;14&#8243; alignment=&#8220;center&#8220; el_class=&#8220;icona-cdr&#8220;][\/vc_column][\/vc_row][vc_row][vc_column][vc_column_text]<\/p>\n<p style=\"text-align: justify;\">Die \u201eDatenschutz- und Cookie-Richtlinie\u201c ist dieses Dokument, in dem die Methoden, Zwecke und anderen Merkmale der Verarbeitung personenbezogener Daten von Benutzern, die die Website www.cdrpompe.com besuchen, beschrieben werden.<br \/>\nEs handelt sich daher um eine Information, die auch gem\u00e4\u00df den Artikeln 13 und 14 der Verordnung (EU) 2016\/679 \u2013 Datenschutz-Grundverordnung (\u201eDSGVO\u201c) \u2013 f\u00fcr diejenigen bereitgestellt wird, die auf die Website zugreifen, und f\u00fcr Benutzer, die aus eigener Initiative und spontan Mitteilungen an die auf der Website ver\u00f6ffentlichten Kontaktdaten von www.cdrpompe.com senden.<br \/>\nDetailliertere Informationen finden Sie auf den Seiten von www.cdrpompe.com in Bezug auf bestimmte Dienstleistungen (z. B. f\u00fcr die Organisation von Kursen &#8230;).<br \/>\nDiese Richtlinie gilt nicht f\u00fcr andere Websites, die m\u00f6glicherweise \u00fcber unsere Links aufgerufen werden k\u00f6nnen, f\u00fcr die www.cdrpompe.com in keiner Weise verantwortlich ist.<\/p>\n<p style=\"text-align: justify;\">Der<\/p>\n<h2 style=\"text-align: left;\">Verantwortliche<br \/>\nf\u00fcr die Verarbeitung personenbezogener Daten ist CDR Pompe S.r.l. mit Sitz in Bollate (MI), Via R. Sanzio 57, die unter der folgenden E-Mail-Adresse kontaktiert werden kann: info@cdrpompe.com<\/h2>\n<p style=\"text-align: justify;\">Ort der Datenverarbeitung \u2013 Personen, die Daten verarbeiten oder darauf zugreifen k\u00f6nnen \u2013 Empf\u00e4nger<\/p>\n<p style=\"text-align: justify;\">Die Verarbeitungen im Zusammenhang mit den auf dieser Website vorgesehenen Webdiensten (die physisch auf italienischem Gebiet bei Nohup S.r.l. gehostet werden) werden am Sitz des Datenverantwortlichen durchgef\u00fchrt und werden nur von autorisiertem Personal des Datenverantwortlichen selbst durchgef\u00fchrt. Die erhobenen personenbezogenen Daten werden nicht ins Ausland \u00fcbermittelt.<br \/>\nGelegentlich k\u00f6nnen Drittlieferanten von CDR Pompe S.r.l. unter der Aufsicht des Inhabers und in \u00dcbereinstimmung mit den gesetzlichen Bestimmungen vor\u00fcbergehend zum Zugriff auf den Speicher der Website f\u00fcr ausschlie\u00dfliche Zwecke der technischen Unterst\u00fctzung erm\u00e4chtigt werden. Abgesehen von diesem Umstand werden keine personenbezogenen Daten, die sich aus dem Kontakt des Nutzers mit dieser Website ergeben, an Dritte weitergegeben oder anderweitig verbreitet.<\/p>\n<h2 style=\"text-align: left;\">Art der verarbeiteten Daten<\/h2>\n<h3 style=\"text-align: left;\">Navigationsdaten<\/h3>\n<p style=\"text-align: justify;\">Die f\u00fcr den Betrieb dieser Website verwendeten Computersysteme und Softwareprogramme erfassen w\u00e4hrend ihres normalen Betriebs einige personenbezogene Daten der Benutzer, deren \u00dcbertragung bei der Verwendung von Kommunikationsprotokollen \u00fcber das Internet implizit ist. Es handelt sich um Daten, die nicht erhoben werden, um mit identifizierten Personen in Verbindung gebracht zu werden, die jedoch aufgrund ihrer Beschaffenheit durch Verarbeitung und Abgleich mit Daten im Besitz Dritter eine Identifizierung der Benutzer erm\u00f6glichen k\u00f6nnten.<br \/>\nZu dieser Kategorie von Daten, die als \u201eNavigationsdaten\u201c definiert werden, geh\u00f6ren die IP-Adressen und Dom\u00e4nennamen der Computer, die von den Benutzern f\u00fcr die Verbindung mit der Website verwendet werden, die URI-Adressen (Uniform Resource Identifier) der angeforderten Ressourcen, die Uhrzeit der Anfrage, die Methode, mit der die Anfrage an den Server gesendet wird, die Gr\u00f6\u00dfe der als Antwort erhaltenen Datei, der numerische Code, der den Status der vom Server gegebenen Antwort angibt (erfolgreich, Fehler usw.) und andere Parameter, die sich auf das Betriebssystem und die Computerumgebung des Benutzers beziehen.<br \/>\nDie Navigationsdaten werden ausschlie\u00dflich zu dem Zweck erhoben, dem Benutzer die Nutzung der auf der Website des Inhabers ver\u00f6ffentlichten Inhalte und die ordnungsgem\u00e4\u00dfe Verwaltung der Website zu erm\u00f6glichen. Die Verarbeitung in automatisierter und aggregierter Form dieser Daten dient ausschlie\u00dflich dem Zweck, anonyme statistische Informationen \u00fcber die Nutzung der Website zu erhalten und das ordnungsgem\u00e4\u00dfe Funktionieren der Website zu \u00fcberpr\u00fcfen; sie werden sofort nach der Verarbeitung gel\u00f6scht. Die fraglichen Daten k\u00f6nnten zur Feststellung der Verantwortlichkeit im Falle von Cyberangriffen auf unsere Website verwendet werden: Andernfalls werden Daten \u00fcber Webkontakte in der Regel nicht l\u00e4nger als 18 Monate gespeichert.<\/p>\n<p>Vom Benutzer freiwillig zur Verf\u00fcgung gestellte<\/p>\n<h3 style=\"text-align: left;\">Daten, Zweck und Dauer der Verarbeitung<\/h3>\n<p style=\"text-align: left;\">Das Versenden von E-Mails nach eigenem Ermessen und auf freiwilliger Basis an die auf dieser Website angegebenen Adressen mit der Erweiterung @ cdrpompe.it f\u00fchrt zwangsl\u00e4ufig zur anschlie\u00dfenden Erfassung der Adresse des Absenders, die f\u00fcr die Beantwortung von Anfragen unerl\u00e4sslich ist, sowie aller anderen personenbezogenen Daten, die m\u00f6glicherweise in der E-Mail und ihren Anh\u00e4ngen enthalten sind (z. B. pers\u00f6nliche Lebensl\u00e4ufe, Gesch\u00e4fts-, Buchhaltungs- und Verwaltungsdokumente usw.).<br \/>\nDie Rechtsgrundlagen und Zwecke der Verarbeitung sind daher das berechtigte Interesse des Verantwortlichen an der Beantwortung der eingegangenen Mitteilungen oder seine Notwendigkeit, vorvertragliche oder vertragliche Anfragen der betroffenen Person zu erf\u00fcllen.<br \/>\nDie Daten werden so lange aufbewahrt, wie es f\u00fcr die Bearbeitung der Anfragen des Absenders oder der vom Absender an den Datenverantwortlichen gerichteten Fragen erforderlich ist, und in jedem Fall so lange, wie dies durch spezifische gesetzliche Bestimmungen vorgeschrieben ist. Der Absender hat in jedem Fall das Recht, die L\u00f6schung der Daten gem\u00e4\u00df den in Art. 17 DSGVO vorgesehenen Modalit\u00e4ten, Bedingungen und Einschr\u00e4nkungen zu verlangen.<br \/>\nEs liegt in der Verantwortung des Nutzers, sich im Voraus zu vergewissern, dass er die Zustimmung, Erlaubnis oder Genehmigung zur \u00dcbermittlung personenbezogener Daten Dritter oder von Inhalten, die durch Vorschriften oder Vertr\u00e4ge gesch\u00fctzt sind, an diese Website erhalten hat. CDR Pompe S.r.l. kann in keiner Weise daf\u00fcr verantwortlich gemacht werden, dass der Benutzer die erforderlichen Zustimmungen, Genehmigungen oder Genehmigungen nicht eingeholt hat.<\/p>\n<h3 style=\"text-align: left;\">Wahlfreiheit und Ermessensspielraum bei der Bereitstellung von Daten<\/h3>\n<p style=\"text-align: left;\">Mit Ausnahme der Angaben zu den Navigationsdaten steht es dem Nutzer frei, nach eigenem Ermessen personenbezogene Daten anzugeben, um Informationen, vertragliche Leistungen und Dienstleistungen im Allgemeinen anzufordern. Die Nichtbereitstellung dieser Daten kann dazu f\u00fchren, dass die angeforderten Daten nicht erhalten werden k\u00f6nnen.<\/p>\n<h3 style=\"text-align: left;\">Art der Verarbeitung<\/h3>\n<p style=\"text-align: justify;\">Die \u00fcbermittelten personenbezogenen Daten werden in elektronischer Form f\u00fcr den Zeitraum verarbeitet, der zur Erreichung der Zwecke erforderlich ist, f\u00fcr die sie erhoben wurden. Es werden spezifische Sicherheitsma\u00dfnahmen beachtet, die in den geltenden Rechtsvorschriften vorgesehen sind, um Ereignisse wie Datenverlust, illegale oder unsachgem\u00e4\u00dfe Verwendung derselben und unbefugten Zugriff zu verhindern.<\/p>\n<h3 style=\"text-align: left;\">Rechte der betroffenen<\/h3>\n<p style=\"text-align: justify;\">Der Nutzer hat gem\u00e4\u00df Art. 15 ff. DSGVO das Recht, jederzeit Zugang zu seinen personenbezogenen Daten, deren Berichtigung oder L\u00f6schung, die Einschr\u00e4nkung der Verarbeitung in den in Art. 18 der Verordnung vorgesehenen F\u00e4llen sowie in einem strukturierten, allgemein gebr\u00e4uchlichen und maschinenlesbaren Format die ihn betreffenden Daten in den in Art. 20 DSGVO vorgesehenen F\u00e4llen zu verlangen.<br \/>\nDer Nutzer kann seine Einwilligung gem\u00e4\u00df Art. 7 DSGVO jederzeit widerrufen und eine Beschwerde gem\u00e4\u00df Art. 77 DSGVO beim Garanten f\u00fcr den Schutz personenbezogener Daten einreichen, wenn er der Ansicht ist, dass die Verarbeitung seiner Daten gegen die geltenden Rechtsvorschriften verst\u00f6\u00dft.<br \/>\nDer Nutzer kann aus Gr\u00fcnden, die sich aus seiner besonderen Situation ergeben, gem\u00e4\u00df Art. 21 DSGVO Widerspruch gegen die Verarbeitung seiner personenbezogenen Daten einlegen: Der Verantwortliche beh\u00e4lt sich das Recht vor, den Antrag zu pr\u00fcfen, der im Falle zwingender legitimer Gr\u00fcnde f\u00fcr die Verarbeitung, die die Interessen, Rechte und Freiheiten des Nutzers \u00fcberwiegen, nicht angenommen wird.<br \/>\nAnfragen zur Aus\u00fcbung der oben genannten Rechte sind an den Gesch\u00e4ftsf\u00fchrer von CDR Pompe S.r.l. mit Sitz in Bollate (MI), Via R. Sanzio Nr. 51 oder an die E-Mail-Adresse: info@cdrpompe.com zu richten.<\/p>\n<h3 style=\"text-align: left;\">Sicherheit der zur Verf\u00fcgung gestellten Daten<\/h3>\n<p style=\"text-align: justify;\">Diese Website verarbeitet personenbezogene Daten in einer Weise, die dem Gesetz entspricht und technisch korrekt ist, und ergreift geeignete Sicherheitsma\u00dfnahmen, um unbefugten Zugriff, Offenlegung, Zerst\u00f6rung oder Datenverlust zu verhindern. Die Verarbeitung erfolgt mithilfe von Telematik-\/IT-Tools mit einer Logik und organisatorischen Modalit\u00e4ten, die in engem Zusammenhang mit den angegebenen Zwecken stehen.<\/p>\n<h3 style=\"text-align: left;\">Aktualisierungen dieser Datenschutz- und Cookie-Richtlinie<\/h3>\n<p style=\"text-align: justify;\">Die hier gemachten Angaben k\u00f6nnen revidiert werden nach:<br \/>\n\u2013 \u00c4nderungen der einschl\u00e4gigen Rechtsvorschriften (Datenschutz, Cookies);<br \/>\n\u2013 technologische Verbesserungen\/Entwicklungen der Website, die die aktuellen Behandlungsmethoden \u00e4ndern werden;<br \/>\n\u2013 organisatorische \u00c4nderungen in der vom Datenverantwortlichen erstellten Datenschutzstruktur, die f\u00fcr den Benutzer von Interesse sein k\u00f6nnen.<br \/>\nDiese Informationen wurden zuletzt am 16. Mai 2019 aktualisiert, um den geltenden Rechtsvorschriften zu entsprechen. Die vorherigen Versionen des Dokuments k\u00f6nnen auf dieser Seite eingesehen werden.<br \/>\nDie Benutzer werden jedoch gebeten, diese Richtlinie regelm\u00e4\u00dfig zu lesen, um st\u00e4ndig \u00fcber \u00c4nderungen der Verarbeitungseigenschaften auf dem Laufenden zu bleiben.<\/p>\n<p>[\/vc_column_text][\/vc_column][\/vc_row]<\/p>\n<\/div>","protected":false},"excerpt":{"rendered":"<p>[vc_row full_width=&#8220;stretch_row&#8220; content_placement=&#8220;middle&#8220; background_position_desktop=&#8220;center center&#8220; parallax=&#8220;content-moving&#8220; css=&#8220;.vc_custom_1681737681625{margin-top: 0px !important;margin-bottom: 0px !important;background-image: url(https:\/\/www.cdrpompe.com\/wp-content\/uploads\/2023\/04\/header-privacy-policy.jpg?id=36) !important;background-position: center;background-repeat: no-repeat !important;background-size: cover !important;}&#8220;][vc_column][vc_empty_space height=&#8220;100px&#8220;][\/vc_column][\/vc_row][vc_row full_width=&#8220;stretch_row&#8220;&#8230;<\/p>\n","protected":false},"author":6,"featured_media":0,"parent":0,"menu_order":0,"comment_status":"closed","ping_status":"open","template":"","meta":{"_acf_changed":false,"footnotes":""},"class_list":["post-2940","page","type-page","status-publish"],"acf":[],"yoast_head":"<!-- This site is optimized with the Yoast SEO plugin v27.5 - https:\/\/yoast.com\/product\/yoast-seo-wordpress\/ -->\n<title>Datenschutzerkl\u00e4rung - CDR Pompe<\/title>\n<meta name=\"description\" content=\"Erfahren Sie, wie wir Ihre Daten sch\u00fctzen und verarbeiten. Lesen Sie unsere Datenschutzerkl\u00e4rung f\u00fcr mehr Transparenz und Sicherheit.\" \/>\n<meta name=\"robots\" content=\"index, follow, max-snippet:-1, max-image-preview:large, max-video-preview:-1\" \/>\n<link rel=\"canonical\" href=\"https:\/\/www.cdrpompe.com\/de\/datenschutzerklaerung\/\" \/>\n<meta property=\"og:locale\" content=\"de_DE\" \/>\n<meta property=\"og:type\" content=\"article\" \/>\n<meta property=\"og:title\" content=\"Datenschutzerkl\u00e4rung - CDR Pompe\" \/>\n<meta property=\"og:description\" content=\"Erfahren Sie, wie wir Ihre Daten sch\u00fctzen und verarbeiten. Lesen Sie unsere Datenschutzerkl\u00e4rung f\u00fcr mehr Transparenz und Sicherheit.\" \/>\n<meta property=\"og:url\" content=\"https:\/\/www.cdrpompe.com\/de\/datenschutzerklaerung\/\" \/>\n<meta property=\"og:site_name\" content=\"CDR Pompe\" \/>\n<meta property=\"article:modified_time\" content=\"2025-03-11T18:10:25+00:00\" \/>\n<meta name=\"twitter:card\" content=\"summary_large_image\" \/>\n<meta name=\"twitter:label1\" content=\"Gesch\u00e4tzte Lesezeit\" \/>\n\t<meta name=\"twitter:data1\" content=\"6\u00a0Minuten\" \/>\n<script type=\"application\/ld+json\" class=\"yoast-schema-graph\">{\"@context\":\"https:\\\/\\\/schema.org\",\"@graph\":[{\"@type\":\"WebPage\",\"@id\":\"https:\\\/\\\/www.cdrpompe.com\\\/de\\\/datenschutzerklaerung\\\/\",\"url\":\"https:\\\/\\\/www.cdrpompe.com\\\/de\\\/datenschutzerklaerung\\\/\",\"name\":\"Datenschutzerkl\u00e4rung - CDR Pompe\",\"isPartOf\":{\"@id\":\"https:\\\/\\\/www.cdrpompe.com\\\/de\\\/#website\"},\"datePublished\":\"2023-04-11T14:34:45+00:00\",\"dateModified\":\"2025-03-11T18:10:25+00:00\",\"description\":\"Erfahren Sie, wie wir Ihre Daten sch\u00fctzen und verarbeiten. Lesen Sie unsere Datenschutzerkl\u00e4rung f\u00fcr mehr Transparenz und Sicherheit.\",\"breadcrumb\":{\"@id\":\"https:\\\/\\\/www.cdrpompe.com\\\/de\\\/datenschutzerklaerung\\\/#breadcrumb\"},\"inLanguage\":\"de\",\"potentialAction\":[{\"@type\":\"ReadAction\",\"target\":[\"https:\\\/\\\/www.cdrpompe.com\\\/de\\\/datenschutzerklaerung\\\/\"]}]},{\"@type\":\"BreadcrumbList\",\"@id\":\"https:\\\/\\\/www.cdrpompe.com\\\/de\\\/datenschutzerklaerung\\\/#breadcrumb\",\"itemListElement\":[{\"@type\":\"ListItem\",\"position\":1,\"name\":\"Home\",\"item\":\"https:\\\/\\\/www.cdrpompe.com\\\/de\\\/\"},{\"@type\":\"ListItem\",\"position\":2,\"name\":\"Datenschutzerkl\u00e4rung\"}]},{\"@type\":\"WebSite\",\"@id\":\"https:\\\/\\\/www.cdrpompe.com\\\/de\\\/#website\",\"url\":\"https:\\\/\\\/www.cdrpompe.com\\\/de\\\/\",\"name\":\"CDR Pompe\",\"description\":\"\",\"potentialAction\":[{\"@type\":\"SearchAction\",\"target\":{\"@type\":\"EntryPoint\",\"urlTemplate\":\"https:\\\/\\\/www.cdrpompe.com\\\/de\\\/?s={search_term_string}\"},\"query-input\":{\"@type\":\"PropertyValueSpecification\",\"valueRequired\":true,\"valueName\":\"search_term_string\"}}],\"inLanguage\":\"de\"}]}<\/script>\n<!-- \/ Yoast SEO plugin. -->","yoast_head_json":{"title":"Datenschutzerkl\u00e4rung - CDR Pompe","description":"Erfahren Sie, wie wir Ihre Daten sch\u00fctzen und verarbeiten. Lesen Sie unsere Datenschutzerkl\u00e4rung f\u00fcr mehr Transparenz und Sicherheit.","robots":{"index":"index","follow":"follow","max-snippet":"max-snippet:-1","max-image-preview":"max-image-preview:large","max-video-preview":"max-video-preview:-1"},"canonical":"https:\/\/www.cdrpompe.com\/de\/datenschutzerklaerung\/","og_locale":"de_DE","og_type":"article","og_title":"Datenschutzerkl\u00e4rung - CDR Pompe","og_description":"Erfahren Sie, wie wir Ihre Daten sch\u00fctzen und verarbeiten. Lesen Sie unsere Datenschutzerkl\u00e4rung f\u00fcr mehr Transparenz und Sicherheit.","og_url":"https:\/\/www.cdrpompe.com\/de\/datenschutzerklaerung\/","og_site_name":"CDR Pompe","article_modified_time":"2025-03-11T18:10:25+00:00","twitter_card":"summary_large_image","twitter_misc":{"Gesch\u00e4tzte Lesezeit":"6\u00a0Minuten"},"schema":{"@context":"https:\/\/schema.org","@graph":[{"@type":"WebPage","@id":"https:\/\/www.cdrpompe.com\/de\/datenschutzerklaerung\/","url":"https:\/\/www.cdrpompe.com\/de\/datenschutzerklaerung\/","name":"Datenschutzerkl\u00e4rung - CDR Pompe","isPartOf":{"@id":"https:\/\/www.cdrpompe.com\/de\/#website"},"datePublished":"2023-04-11T14:34:45+00:00","dateModified":"2025-03-11T18:10:25+00:00","description":"Erfahren Sie, wie wir Ihre Daten sch\u00fctzen und verarbeiten. Lesen Sie unsere Datenschutzerkl\u00e4rung f\u00fcr mehr Transparenz und Sicherheit.","breadcrumb":{"@id":"https:\/\/www.cdrpompe.com\/de\/datenschutzerklaerung\/#breadcrumb"},"inLanguage":"de","potentialAction":[{"@type":"ReadAction","target":["https:\/\/www.cdrpompe.com\/de\/datenschutzerklaerung\/"]}]},{"@type":"BreadcrumbList","@id":"https:\/\/www.cdrpompe.com\/de\/datenschutzerklaerung\/#breadcrumb","itemListElement":[{"@type":"ListItem","position":1,"name":"Home","item":"https:\/\/www.cdrpompe.com\/de\/"},{"@type":"ListItem","position":2,"name":"Datenschutzerkl\u00e4rung"}]},{"@type":"WebSite","@id":"https:\/\/www.cdrpompe.com\/de\/#website","url":"https:\/\/www.cdrpompe.com\/de\/","name":"CDR Pompe","description":"","potentialAction":[{"@type":"SearchAction","target":{"@type":"EntryPoint","urlTemplate":"https:\/\/www.cdrpompe.com\/de\/?s={search_term_string}"},"query-input":{"@type":"PropertyValueSpecification","valueRequired":true,"valueName":"search_term_string"}}],"inLanguage":"de"}]}},"_links":{"self":[{"href":"https:\/\/www.cdrpompe.com\/de\/wp-json\/wp\/v2\/pages\/2940","targetHints":{"allow":["GET"]}}],"collection":[{"href":"https:\/\/www.cdrpompe.com\/de\/wp-json\/wp\/v2\/pages"}],"about":[{"href":"https:\/\/www.cdrpompe.com\/de\/wp-json\/wp\/v2\/types\/page"}],"author":[{"embeddable":true,"href":"https:\/\/www.cdrpompe.com\/de\/wp-json\/wp\/v2\/users\/6"}],"replies":[{"embeddable":true,"href":"https:\/\/www.cdrpompe.com\/de\/wp-json\/wp\/v2\/comments?post=2940"}],"version-history":[{"count":1,"href":"https:\/\/www.cdrpompe.com\/de\/wp-json\/wp\/v2\/pages\/2940\/revisions"}],"predecessor-version":[{"id":6251,"href":"https:\/\/www.cdrpompe.com\/de\/wp-json\/wp\/v2\/pages\/2940\/revisions\/6251"}],"wp:attachment":[{"href":"https:\/\/www.cdrpompe.com\/de\/wp-json\/wp\/v2\/media?parent=2940"}],"curies":[{"name":"wp","href":"https:\/\/api.w.org\/{rel}","templated":true}]}}