{"id":2859,"date":"2023-04-21T09:02:46","date_gmt":"2023-04-21T07:02:46","guid":{"rendered":"https:\/\/www.cdrpompe.com\/pharmazeutik\/"},"modified":"2025-03-25T18:29:52","modified_gmt":"2025-03-25T17:29:52","slug":"pharmazeutik","status":"publish","type":"page","link":"https:\/\/www.cdrpompe.com\/de\/pharmazeutik\/","title":{"rendered":"Pharmazeutik"},"content":{"rendered":"<div class=\"wpb-content-wrapper\"><p>[vc_row full_width=&#8220;stretch_row&#8220; css=&#8220;.vc_custom_1712936216254{padding-top: 50px !important;padding-bottom: 50px !important;}&#8220;][vc_column][vc_single_image image=&#8220;14&#8243; alignment=&#8220;center&#8220; el_class=&#8220;icona-cdr&#8220;][vc_column_text]<\/p>\n<h2 style=\"text-align: center;\">Pharmazeutik<\/h2>\n<p>[\/vc_column_text][vc_empty_space height=&#8220;40px&#8220;][\/vc_column][\/vc_row][vc_row][vc_column width=&#8220;1\/2&#8243; css=&#8220;.vc_custom_1681812534202{background-color: #f4f4f4 !important;}&#8220;][vc_column_text css=&#8220;.vc_custom_1682063150329{padding-top: 10px !important;padding-right: 40px !important;padding-bottom: 18px !important;padding-left: 10px !important;}&#8220;]<\/p>\n<p style=\"text-align: justify;\">Die pharmazeutische Industrie verwendet Fl\u00fcssigkeiten mit hoher Wertsch\u00f6pfung, deren Kontamination zur Entsorgung des Produkts f\u00fchrt. Die CDR-Pumpen isolieren das gef\u00f6rderte Fluid von der Umgebung und verhindern, dass es dort austritt.<\/p>\n<h3 style=\"text-align: left;\">Anwendungen:<\/h3>\n<ul>\n<li><strong>Pflanzenschutzmittel<\/strong><\/li>\n<li><strong>Wirkstoffe<\/strong><\/li>\n<li><strong>Agropharmazeutika<\/strong><\/li>\n<\/ul>\n<p>[\/vc_column_text][\/vc_column][vc_column width=&#8220;1\/2&#8243; css=&#8220;.vc_custom_1681916382068{margin-top: 35px !important;margin-left: -30px !important;padding-top: 10px !important;padding-right: 10px !important;padding-bottom: 10px !important;padding-left: 10px !important;background-color: rgba(0,37,56,0.95) !important;*background-color: rgb(0,37,56) !important;}&#8220;][vc_empty_space height=&#8220;40px&#8220;][vc_single_image image=&#8220;2857&#8243; img_size=&#8220;medium&#8220; alignment=&#8220;center&#8220; css_animation=&#8220;fadeInRight&#8220; el_class=&#8220;icona-applicazioni&#8220; css=&#8220;.vc_custom_1682063697280{padding-top: 40px !important;}&#8220;][vc_column_text css_animation=&#8220;fadeIn&#8220;]<\/p>\n<h4 style=\"text-align: center;\"><span style=\"color: #ffffff;\">Zertifizierungen:<\/span><\/h4>\n<p style=\"text-align: center;\"><span style=\"color: #ffffff;\">Norm ISO 2858 &amp; ISO 5199<br \/>\nATEX-Vorschriften<br \/>\nFDA-Zertifizierung<\/span><\/p>\n<p>[\/vc_column_text][vc_empty_space height=&#8220;40px&#8220;][\/vc_column][\/vc_row][vc_row interactions_enabled=&#8220;1&#8243; vertical_scroll=&#8220;1&#8243; vertical_scroll_speed=&#8220;2&#8243; vertical_scroll_viewport_top=&#8220;70&#8243;][vc_column css=&#8220;.vc_custom_1681995251177{margin: 0px !important;padding: 0px !important;border: 0px initial !important;}&#8220;][vc_single_image image=&#8220;2875&#8243; img_size=&#8220;full&#8220; alignment=&#8220;center&#8220; css=&#8220;.vc_custom_1682064005949{margin-top: 0px !important;margin-right: 0px !important;margin-bottom: 0px !important;margin-left: 0px !important;padding-top: 0px !important;padding-right: 0px !important;padding-bottom: 0px !important;padding-left: 0px !important;}&#8220;][\/vc_column][\/vc_row][vc_row][vc_column][vc_empty_space height=&#8220;10px&#8220;][\/vc_column][\/vc_row][vc_row css_animation=&#8220;fadeInUp&#8220;][vc_column][vc_column_text css_animation=&#8220;fadeIn&#8220;]<\/p>\n<h2>KREISELPUMPEN<\/h2>\n<p>Entdecken Sie die Modelle von Industriepumpen, die in den Bereichen <strong>Chemie<\/strong>, <strong>Industrie<\/strong> und <strong>Pharmazeutik<\/strong> eingesetzt werden.<br \/>\nWir arbeiten eng mit den H\u00e4ndlern zusammen, um die Kundenw\u00fcnsche genau zu erfassen und das am besten geeignete Produkt f\u00fcr ihren Service vorzuschlagen.<\/p>\n<p>[\/vc_column_text][vc_empty_space height=&#8220;30px&#8220;][vc_row_inner][vc_column_inner width=&#8220;1\/4&#8243;][vc_single_image image=&#8220;2865&#8243; img_size=&#8220;medium&#8220; alignment=&#8220;center&#8220; onclick=&#8220;custom_link&#8220; css=&#8220;&#8220; link=&#8220;https:\/\/www.cdrpompe.com\/de\/horizontale-kreiselpumpen-mit-mechanischer-dichtung-ausgekleidet-und-aus-kunststoff\/&#8220; el_class=&#8220;pompa-img&#8220;][vc_btn title=&#8220;Pumpen mit mechanischer Dichtung ausgekleidet und aus Kunststoff&#8220; style=&#8220;custom&#8220; custom_background=&#8220;#009fe3&#8243; custom_text=&#8220;#ffffff&#8220; align=&#8220;center&#8220; css=&#8220;&#8220; button_block=&#8220;true&#8220; el_class=&#8220;bottone-personalizzato&#8220; link=&#8220;url:https%3A%2F%2Fwww.cdrpompe.com%2Fde%2Fhorizontale-kreiselpumpen-mit-mechanischer-dichtung-ausgekleidet-und-aus-kunststoff%2F|title:Horizontale%20Kreiselpumpen%20mit%20mechanischer%20Dichtung%20ausgekleidet%20und%20aus%20Kunststoff&#8220;][\/vc_column_inner][vc_column_inner width=&#8220;1\/4&#8243;][vc_single_image image=&#8220;2869&#8243; img_size=&#8220;medium&#8220; alignment=&#8220;center&#8220; onclick=&#8220;custom_link&#8220; css=&#8220;&#8220; link=&#8220;https:\/\/www.cdrpompe.com\/de\/horizontale-kreiselpumpen-mit-magnetantrieb-ausgekleidet-und-aus-kunststoff\/&#8220; el_class=&#8220;pompa-img&#8220;][vc_btn title=&#8220;Pumpen mit Magnetantrieb, ausgekleidet und aus Kunststoff&#8220; style=&#8220;custom&#8220; custom_background=&#8220;#009fe3&#8243; custom_text=&#8220;#ffffff&#8220; align=&#8220;center&#8220; css=&#8220;&#8220; button_block=&#8220;true&#8220; el_class=&#8220;bottone-personalizzato&#8220; link=&#8220;url:https%3A%2F%2Fwww.cdrpompe.com%2Fde%2Fhorizontale-kreiselpumpen-mit-magnetantrieb-ausgekleidet-und-aus-kunststoff%2F|title:Horizontale%20Kreiselpumpen%20mit%20Magnetantrieb%2C%20ausgekleidet%20und%20aus%20Kunststoff&#8220;][\/vc_column_inner][vc_column_inner width=&#8220;1\/4&#8243;][vc_single_image image=&#8220;2882&#8243; img_size=&#8220;medium&#8220; alignment=&#8220;center&#8220; onclick=&#8220;custom_link&#8220; css=&#8220;&#8220; link=&#8220;https:\/\/www.cdrpompe.com\/de\/horizontale-kreiselpumpen-mit-magnetantrieb-aus-stahl\/&#8220; el_class=&#8220;pompa-img&#8220;][vc_btn title=&#8220;Stahlpumpen mit Magnetantrieb&#8220; style=&#8220;custom&#8220; custom_background=&#8220;#009fe3&#8243; custom_text=&#8220;#ffffff&#8220; align=&#8220;center&#8220; css=&#8220;&#8220; button_block=&#8220;true&#8220; el_class=&#8220;bottone-personalizzato&#8220; link=&#8220;url:https%3A%2F%2Fwww.cdrpompe.com%2Fde%2Fhorizontale-kreiselpumpen-mit-magnetantrieb-aus-stahl%2F|title:Horizontale%20Kreiselpumpen%20mit%20Magnetantrieb%20aus%20Stahl&#8220;][\/vc_column_inner][vc_column_inner width=&#8220;1\/4&#8243;][vc_single_image image=&#8220;2895&#8243; img_size=&#8220;medium&#8220; alignment=&#8220;center&#8220; onclick=&#8220;custom_link&#8220; css=&#8220;&#8220; link=&#8220;https:\/\/www.cdrpompe.com\/de\/kundenspezifische-pumpen\/&#8220; el_class=&#8220;pompa-img&#8220;][vc_btn title=&#8220;Kundenspezifische Pumpen&#8220; style=&#8220;custom&#8220; custom_background=&#8220;#009fe3&#8243; custom_text=&#8220;#ffffff&#8220; align=&#8220;center&#8220; css=&#8220;&#8220; button_block=&#8220;true&#8220; el_class=&#8220;bottone-personalizzato&#8220; link=&#8220;url:https%3A%2F%2Fwww.cdrpompe.com%2Fde%2Fkundenspezifische-pumpen%2F|title:Kundenspezifische%20Pumpen&#8220;][\/vc_column_inner][\/vc_row_inner][vc_empty_space height=&#8220;40px&#8220;][\/vc_column][\/vc_row][vc_row full_width=&#8220;stretch_row&#8220; css_animation=&#8220;fadeIn&#8220; css=&#8220;.vc_custom_1681739946763{margin-top: 0px !important;margin-bottom: 0px !important;border-top-width: 0px !important;border-bottom-width: 0px !important;padding-top: 0px !important;padding-bottom: 0px !important;background-color: #02586d !important;}&#8220;][vc_column][vc_empty_space height=&#8220;5px&#8220;][vc_column_text]<\/p>\n<h2 style=\"text-align: center;\">Abonnieren Sie unseren Newsletter<\/h2>\n<p style=\"text-align: center;\"><span style=\"color: #ffffff;\">Entdecken Sie exklusiv die neuesten Produkte und die wichtigsten News.<\/span><\/p>\n<p>[\/vc_column_text]<script type=\"text\/javascript\">\n\/* <![CDATA[ *\/\nvar gform;gform||(document.addEventListener(\"gform_main_scripts_loaded\",function(){gform.scriptsLoaded=!0}),document.addEventListener(\"gform\/theme\/scripts_loaded\",function(){gform.themeScriptsLoaded=!0}),window.addEventListener(\"DOMContentLoaded\",function(){gform.domLoaded=!0}),gform={domLoaded:!1,scriptsLoaded:!1,themeScriptsLoaded:!1,isFormEditor:()=>\"function\"==typeof InitializeEditor,callIfLoaded:function(o){return!(!gform.domLoaded||!gform.scriptsLoaded||!gform.themeScriptsLoaded&&!gform.isFormEditor()||(gform.isFormEditor()&&console.warn(\"The use of gform.initializeOnLoaded() is deprecated in the form editor context and will be removed in Gravity Forms 3.1.\"),o(),0))},initializeOnLoaded:function(o){gform.callIfLoaded(o)||(document.addEventListener(\"gform_main_scripts_loaded\",()=>{gform.scriptsLoaded=!0,gform.callIfLoaded(o)}),document.addEventListener(\"gform\/theme\/scripts_loaded\",()=>{gform.themeScriptsLoaded=!0,gform.callIfLoaded(o)}),window.addEventListener(\"DOMContentLoaded\",()=>{gform.domLoaded=!0,gform.callIfLoaded(o)}))},hooks:{action:{},filter:{}},addAction:function(o,r,e,t){gform.addHook(\"action\",o,r,e,t)},addFilter:function(o,r,e,t){gform.addHook(\"filter\",o,r,e,t)},doAction:function(o){gform.doHook(\"action\",o,arguments)},applyFilters:function(o){return gform.doHook(\"filter\",o,arguments)},removeAction:function(o,r){gform.removeHook(\"action\",o,r)},removeFilter:function(o,r,e){gform.removeHook(\"filter\",o,r,e)},addHook:function(o,r,e,t,n){null==gform.hooks[o][r]&&(gform.hooks[o][r]=[]);var d=gform.hooks[o][r];null==n&&(n=r+\"_\"+d.length),gform.hooks[o][r].push({tag:n,callable:e,priority:t=null==t?10:t})},doHook:function(r,o,e){var t;if(e=Array.prototype.slice.call(e,1),null!=gform.hooks[r][o]&&((o=gform.hooks[r][o]).sort(function(o,r){return o.priority-r.priority}),o.forEach(function(o){\"function\"!=typeof(t=o.callable)&&(t=window[t]),\"action\"==r?t.apply(null,e):e[0]=t.apply(null,e)})),\"filter\"==r)return e[0]},removeHook:function(o,r,t,n){var e;null!=gform.hooks[o][r]&&(e=(e=gform.hooks[o][r]).filter(function(o,r,e){return!!(null!=n&&n!=o.tag||null!=t&&t!=o.priority)}),gform.hooks[o][r]=e)}});\n\/* ]]> *\/\n<\/script>\n\n                <div class='gf_browser_gecko gform_wrapper gravity-theme gform-theme--no-framework' data-form-theme='gravity-theme' data-form-index='0' id='gform_wrapper_2' >\n                        <div class='gform_heading'>\n\t\t\t\t\t\t\t<p class='gform_required_legend'>\u201e<span class=\"gfield_required gfield_required_asterisk\">*<\/span>\u201c zeigt erforderliche Felder an<\/p>\n                        <\/div><form method='post' enctype='multipart\/form-data'  id='gform_2'  action='\/de\/wp-json\/wp\/v2\/pages\/2859' data-formid='2' novalidate><div class='gf_invisible ginput_recaptchav3' data-sitekey='6LeGtT8qAAAAACzuPyrmta9VrCDZBcmhlJGL92P_' data-tabindex='0'><input id=\"input_e2b319fd2e41264554e8d155ce5222e0\" class=\"gfield_recaptcha_response\" type=\"hidden\" name=\"input_e2b319fd2e41264554e8d155ce5222e0\" value=\"\"\/><\/div>\n                        <div class='gform-body gform_body'><div id='gform_fields_2' class='gform_fields top_label form_sublabel_below description_below validation_below'><div id=\"field_2_1\" class=\"gfield gfield--type-email gfield--input-type-email gfield_contains_required field_sublabel_below gfield--no-description field_description_below hidden_label field_validation_below gfield_visibility_visible\"  ><label class='gfield_label gform-field-label' for='input_2_1'>E-Mail<span class=\"gfield_required\"><span class=\"gfield_required gfield_required_asterisk\">*<\/span><\/span><\/label><div class='ginput_container ginput_container_email'>\n                            <input name='input_1' id='input_2_1' type='email' value='' class='large'   placeholder='E-Mail' aria-required=\"true\" aria-invalid=\"false\"  \/>\n                        <\/div><\/div><fieldset id=\"field_2_3\" class=\"gfield gfield--type-consent gfield--type-choice gfield--input-type-consent gfield_contains_required field_sublabel_below gfield--no-description field_description_below field_validation_below gfield_visibility_visible\"  ><legend class='gfield_label gform-field-label gfield_label_before_complex' >Datenschutz<span class=\"gfield_required\"><span class=\"gfield_required gfield_required_asterisk\">*<\/span><\/span><\/legend><div class='ginput_container ginput_container_consent'><input name='input_3.1' id='input_2_3_1' type='checkbox' value='1'   aria-required=\"true\" aria-invalid=\"false\"   \/> <label class=\"gform-field-label gform-field-label--type-inline gfield_consent_label\" for='input_2_3_1' >Ich best\u00e4tige, dass ich die<a href=\"https:\/\/www.cdrpompe.com\/de\/datenschutzerklaerung\/\"> Datenschutzerkl\u00e4rung zur Kenntnis genommen habe<\/a>.<\/label><input type='hidden' name='input_3.2' value='Ich best\u00e4tige, dass ich die&lt;a href=&quot;https:\/\/www.cdrpompe.com\/de\/datenschutzerklaerung\/&quot;&gt; Datenschutzerkl\u00e4rung zur Kenntnis genommen habe&lt;\/a&gt;.' class='gform_hidden' \/><input type='hidden' name='input_3.3' value='1' class='gform_hidden' \/><\/div><\/fieldset><\/div><\/div>\n        <div class='gform-footer gform_footer top_label'> <input type='submit' id='gform_submit_button_2' class='gform_button button' onclick='gform.submission.handleButtonClick(this);' data-submission-type='submit' value='Melden Sie sich jetzt an!'  \/> \n            <input type='hidden' class='gform_hidden' name='gform_submission_method' data-js='gform_submission_method_2' value='postback' \/>\n            <input type='hidden' class='gform_hidden' name='gform_theme' data-js='gform_theme_2' id='gform_theme_2' value='gravity-theme' \/>\n            <input type='hidden' class='gform_hidden' name='gform_style_settings' data-js='gform_style_settings_2' id='gform_style_settings_2' value='[]' \/>\n            <input type='hidden' class='gform_hidden' name='is_submit_2' value='1' \/>\n            <input type='hidden' class='gform_hidden' name='gform_submit' value='2' \/>\n            \n            <input type='hidden' class='gform_hidden' name='gform_unique_id' value='' \/>\n            <input type='hidden' class='gform_hidden' name='state_2' value='WyJ7XCIzLjFcIjpcIjA0N2QyNTc0NjUzMmVkYTRjM2I4ODE2NzRhMzhjOWRlXCIsXCIzLjJcIjpcImNjMWZlYTE3MzQ4ZjFmNWE3ZGU0ZGU1OGNjOTc1YjFkXCIsXCIzLjNcIjpcIjA0N2QyNTc0NjUzMmVkYTRjM2I4ODE2NzRhMzhjOWRlXCJ9IiwiNTgyMmE3ODliZDJhOGNkZjNjNzMyNTUyZTVkYzdmNDIiXQ==' \/>\n            <input type='hidden' autocomplete='off' class='gform_hidden' name='gform_target_page_number_2' id='gform_target_page_number_2' value='0' \/>\n            <input type='hidden' autocomplete='off' class='gform_hidden' name='gform_source_page_number_2' id='gform_source_page_number_2' value='1' \/>\n            <input type='hidden' name='gform_field_values' value='' \/>\n            \n        <\/div>\n                        <\/form>\n                        <\/div><script type=\"text\/javascript\">\n\/* <![CDATA[ *\/\n gform.initializeOnLoaded( function() {gformInitSpinner( 2, 'https:\/\/www.cdrpompe.com\/wp-content\/plugins\/gravityforms\/images\/spinner.svg', true );jQuery('#gform_ajax_frame_2').on('load',function(){var contents = jQuery(this).contents().find('*').html();var is_postback = contents.indexOf('GF_AJAX_POSTBACK') >= 0;if(!is_postback){return;}var form_content = jQuery(this).contents().find('#gform_wrapper_2');var is_confirmation = jQuery(this).contents().find('#gform_confirmation_wrapper_2').length > 0;var is_redirect = contents.indexOf('gformRedirect(){') >= 0;var is_form = form_content.length > 0 && ! is_redirect && ! is_confirmation;var mt = parseInt(jQuery('html').css('margin-top'), 10) + parseInt(jQuery('body').css('margin-top'), 10) + 100;if(is_form){jQuery('#gform_wrapper_2').html(form_content.html());if(form_content.hasClass('gform_validation_error')){jQuery('#gform_wrapper_2').addClass('gform_validation_error');} else {jQuery('#gform_wrapper_2').removeClass('gform_validation_error');}setTimeout( function() { \/* delay the scroll by 50 milliseconds to fix a bug in chrome *\/  }, 50 );if(window['gformInitDatepicker']) {gformInitDatepicker();}if(window['gformInitPriceFields']) {gformInitPriceFields();}var current_page = jQuery('#gform_source_page_number_2').val();gformInitSpinner( 2, 'https:\/\/www.cdrpompe.com\/wp-content\/plugins\/gravityforms\/images\/spinner.svg', true );jQuery(document).trigger('gform_page_loaded', [2, current_page]);window['gf_submitting_2'] = false;}else if(!is_redirect){var confirmation_content = jQuery(this).contents().find('.GF_AJAX_POSTBACK').html();if(!confirmation_content){confirmation_content = contents;}jQuery('#gform_wrapper_2').replaceWith(confirmation_content);jQuery(document).trigger('gform_confirmation_loaded', [2]);window['gf_submitting_2'] = false;wp.a11y.speak(jQuery('#gform_confirmation_message_2').text());}else{jQuery('#gform_2').append(contents);if(window['gformRedirect']) {gformRedirect();}}jQuery(document).trigger(\"gform_pre_post_render\", [{ formId: \"2\", currentPage: \"current_page\", abort: function() { this.preventDefault(); } }]);        if (event && event.defaultPrevented) {                return;        }        const gformWrapperDiv = document.getElementById( \"gform_wrapper_2\" );        if ( gformWrapperDiv ) {            const visibilitySpan = document.createElement( \"span\" );            visibilitySpan.id = \"gform_visibility_test_2\";            gformWrapperDiv.insertAdjacentElement( \"afterend\", visibilitySpan );        }        const visibilityTestDiv = document.getElementById( \"gform_visibility_test_2\" );        let postRenderFired = false;        function triggerPostRender() {            if ( postRenderFired ) {                return;            }            postRenderFired = true;            gform.core.triggerPostRenderEvents( 2, current_page );            if ( visibilityTestDiv ) {                visibilityTestDiv.parentNode.removeChild( visibilityTestDiv );            }        }        function debounce( func, wait, immediate ) {            var timeout;            return function() {                var context = this, args = arguments;                var later = function() {                    timeout = null;                    if ( !immediate ) func.apply( context, args );                };                var callNow = immediate && !timeout;                clearTimeout( timeout );                timeout = setTimeout( later, wait );                if ( callNow ) func.apply( context, args );            };        }        const debouncedTriggerPostRender = debounce( function() {            triggerPostRender();        }, 200 );        if ( visibilityTestDiv && visibilityTestDiv.offsetParent === null ) {            const observer = new MutationObserver( ( mutations ) => {                mutations.forEach( ( mutation ) => {                    if ( mutation.type === 'attributes' && visibilityTestDiv.offsetParent !== null ) {                        debouncedTriggerPostRender();                        observer.disconnect();                    }                });            });            observer.observe( document.body, {                attributes: true,                childList: false,                subtree: true,                attributeFilter: [ 'style', 'class' ],            });        } else {            triggerPostRender();        }    } );} ); \n\/* ]]> *\/\n<\/script>\n[\/vc_column][\/vc_row]<\/p>\n<\/div>","protected":false},"excerpt":{"rendered":"<p>[vc_row full_width=&#8220;stretch_row&#8220; css=&#8220;.vc_custom_1712936216254{padding-top: 50px !important;padding-bottom: 50px !important;}&#8220;][vc_column][vc_single_image image=&#8220;14&#8243; alignment=&#8220;center&#8220; el_class=&#8220;icona-cdr&#8220;][vc_column_text] Pharmazeutik [\/vc_column_text][vc_empty_space height=&#8220;40px&#8220;][\/vc_column][\/vc_row][vc_row][vc_column width=&#8220;1\/2&#8243; css=&#8220;.vc_custom_1681812534202{background-color: #f4f4f4 !important;}&#8220;][vc_column_text css=&#8220;.vc_custom_1682063150329{padding-top: 10px !important;padding-right:&#8230;<\/p>\n","protected":false},"author":6,"featured_media":0,"parent":0,"menu_order":0,"comment_status":"closed","ping_status":"closed","template":"","meta":{"_acf_changed":false,"footnotes":""},"class_list":["post-2859","page","type-page","status-publish"],"acf":[],"yoast_head":"<!-- This site is optimized with the Yoast SEO plugin v27.5 - https:\/\/yoast.com\/product\/yoast-seo-wordpress\/ -->\n<title>Pumpenl\u00f6sungen f\u00fcr die pharmazeutische Industrie<\/title>\n<meta name=\"description\" content=\"Erfahren Sie mehr \u00fcber unsere Pumpenl\u00f6sungen f\u00fcr die Pharmaindustrie \u2013 pr\u00e4zise, sicher und zuverl\u00e4ssig f\u00fcr anspruchsvolle Prozesse.\" \/>\n<meta name=\"robots\" content=\"index, follow, max-snippet:-1, max-image-preview:large, max-video-preview:-1\" \/>\n<link rel=\"canonical\" href=\"https:\/\/www.cdrpompe.com\/de\/pharmazeutik\/\" \/>\n<meta property=\"og:locale\" content=\"de_DE\" \/>\n<meta property=\"og:type\" content=\"article\" \/>\n<meta property=\"og:title\" content=\"Pumpenl\u00f6sungen f\u00fcr die pharmazeutische Industrie\" \/>\n<meta property=\"og:description\" content=\"Erfahren Sie mehr \u00fcber unsere Pumpenl\u00f6sungen f\u00fcr die Pharmaindustrie \u2013 pr\u00e4zise, sicher und zuverl\u00e4ssig f\u00fcr anspruchsvolle Prozesse.\" \/>\n<meta property=\"og:url\" content=\"https:\/\/www.cdrpompe.com\/de\/pharmazeutik\/\" \/>\n<meta property=\"og:site_name\" content=\"CDR Pompe\" \/>\n<meta property=\"article:modified_time\" content=\"2025-03-25T17:29:52+00:00\" \/>\n<meta name=\"twitter:card\" content=\"summary_large_image\" \/>\n<meta name=\"twitter:label1\" content=\"Gesch\u00e4tzte Lesezeit\" \/>\n\t<meta name=\"twitter:data1\" content=\"3\u00a0Minuten\" \/>\n<script type=\"application\/ld+json\" class=\"yoast-schema-graph\">{\"@context\":\"https:\\\/\\\/schema.org\",\"@graph\":[{\"@type\":\"WebPage\",\"@id\":\"https:\\\/\\\/www.cdrpompe.com\\\/de\\\/pharmazeutik\\\/\",\"url\":\"https:\\\/\\\/www.cdrpompe.com\\\/de\\\/pharmazeutik\\\/\",\"name\":\"Pumpenl\u00f6sungen f\u00fcr die pharmazeutische Industrie\",\"isPartOf\":{\"@id\":\"https:\\\/\\\/www.cdrpompe.com\\\/de\\\/#website\"},\"datePublished\":\"2023-04-21T07:02:46+00:00\",\"dateModified\":\"2025-03-25T17:29:52+00:00\",\"description\":\"Erfahren Sie mehr \u00fcber unsere Pumpenl\u00f6sungen f\u00fcr die Pharmaindustrie \u2013 pr\u00e4zise, sicher und zuverl\u00e4ssig f\u00fcr anspruchsvolle Prozesse.\",\"breadcrumb\":{\"@id\":\"https:\\\/\\\/www.cdrpompe.com\\\/de\\\/pharmazeutik\\\/#breadcrumb\"},\"inLanguage\":\"de\",\"potentialAction\":[{\"@type\":\"ReadAction\",\"target\":[\"https:\\\/\\\/www.cdrpompe.com\\\/de\\\/pharmazeutik\\\/\"]}]},{\"@type\":\"BreadcrumbList\",\"@id\":\"https:\\\/\\\/www.cdrpompe.com\\\/de\\\/pharmazeutik\\\/#breadcrumb\",\"itemListElement\":[{\"@type\":\"ListItem\",\"position\":1,\"name\":\"Home\",\"item\":\"https:\\\/\\\/www.cdrpompe.com\\\/de\\\/\"},{\"@type\":\"ListItem\",\"position\":2,\"name\":\"Pharmazeutik\"}]},{\"@type\":\"WebSite\",\"@id\":\"https:\\\/\\\/www.cdrpompe.com\\\/de\\\/#website\",\"url\":\"https:\\\/\\\/www.cdrpompe.com\\\/de\\\/\",\"name\":\"CDR Pompe\",\"description\":\"\",\"potentialAction\":[{\"@type\":\"SearchAction\",\"target\":{\"@type\":\"EntryPoint\",\"urlTemplate\":\"https:\\\/\\\/www.cdrpompe.com\\\/de\\\/?s={search_term_string}\"},\"query-input\":{\"@type\":\"PropertyValueSpecification\",\"valueRequired\":true,\"valueName\":\"search_term_string\"}}],\"inLanguage\":\"de\"}]}<\/script>\n<!-- \/ Yoast SEO plugin. -->","yoast_head_json":{"title":"Pumpenl\u00f6sungen f\u00fcr die pharmazeutische Industrie","description":"Erfahren Sie mehr \u00fcber unsere Pumpenl\u00f6sungen f\u00fcr die Pharmaindustrie \u2013 pr\u00e4zise, sicher und zuverl\u00e4ssig f\u00fcr anspruchsvolle Prozesse.","robots":{"index":"index","follow":"follow","max-snippet":"max-snippet:-1","max-image-preview":"max-image-preview:large","max-video-preview":"max-video-preview:-1"},"canonical":"https:\/\/www.cdrpompe.com\/de\/pharmazeutik\/","og_locale":"de_DE","og_type":"article","og_title":"Pumpenl\u00f6sungen f\u00fcr die pharmazeutische Industrie","og_description":"Erfahren Sie mehr \u00fcber unsere Pumpenl\u00f6sungen f\u00fcr die Pharmaindustrie \u2013 pr\u00e4zise, sicher und zuverl\u00e4ssig f\u00fcr anspruchsvolle Prozesse.","og_url":"https:\/\/www.cdrpompe.com\/de\/pharmazeutik\/","og_site_name":"CDR Pompe","article_modified_time":"2025-03-25T17:29:52+00:00","twitter_card":"summary_large_image","twitter_misc":{"Gesch\u00e4tzte Lesezeit":"3\u00a0Minuten"},"schema":{"@context":"https:\/\/schema.org","@graph":[{"@type":"WebPage","@id":"https:\/\/www.cdrpompe.com\/de\/pharmazeutik\/","url":"https:\/\/www.cdrpompe.com\/de\/pharmazeutik\/","name":"Pumpenl\u00f6sungen f\u00fcr die pharmazeutische Industrie","isPartOf":{"@id":"https:\/\/www.cdrpompe.com\/de\/#website"},"datePublished":"2023-04-21T07:02:46+00:00","dateModified":"2025-03-25T17:29:52+00:00","description":"Erfahren Sie mehr \u00fcber unsere Pumpenl\u00f6sungen f\u00fcr die Pharmaindustrie \u2013 pr\u00e4zise, sicher und zuverl\u00e4ssig f\u00fcr anspruchsvolle Prozesse.","breadcrumb":{"@id":"https:\/\/www.cdrpompe.com\/de\/pharmazeutik\/#breadcrumb"},"inLanguage":"de","potentialAction":[{"@type":"ReadAction","target":["https:\/\/www.cdrpompe.com\/de\/pharmazeutik\/"]}]},{"@type":"BreadcrumbList","@id":"https:\/\/www.cdrpompe.com\/de\/pharmazeutik\/#breadcrumb","itemListElement":[{"@type":"ListItem","position":1,"name":"Home","item":"https:\/\/www.cdrpompe.com\/de\/"},{"@type":"ListItem","position":2,"name":"Pharmazeutik"}]},{"@type":"WebSite","@id":"https:\/\/www.cdrpompe.com\/de\/#website","url":"https:\/\/www.cdrpompe.com\/de\/","name":"CDR Pompe","description":"","potentialAction":[{"@type":"SearchAction","target":{"@type":"EntryPoint","urlTemplate":"https:\/\/www.cdrpompe.com\/de\/?s={search_term_string}"},"query-input":{"@type":"PropertyValueSpecification","valueRequired":true,"valueName":"search_term_string"}}],"inLanguage":"de"}]}},"_links":{"self":[{"href":"https:\/\/www.cdrpompe.com\/de\/wp-json\/wp\/v2\/pages\/2859","targetHints":{"allow":["GET"]}}],"collection":[{"href":"https:\/\/www.cdrpompe.com\/de\/wp-json\/wp\/v2\/pages"}],"about":[{"href":"https:\/\/www.cdrpompe.com\/de\/wp-json\/wp\/v2\/types\/page"}],"author":[{"embeddable":true,"href":"https:\/\/www.cdrpompe.com\/de\/wp-json\/wp\/v2\/users\/6"}],"replies":[{"embeddable":true,"href":"https:\/\/www.cdrpompe.com\/de\/wp-json\/wp\/v2\/comments?post=2859"}],"version-history":[{"count":1,"href":"https:\/\/www.cdrpompe.com\/de\/wp-json\/wp\/v2\/pages\/2859\/revisions"}],"predecessor-version":[{"id":6256,"href":"https:\/\/www.cdrpompe.com\/de\/wp-json\/wp\/v2\/pages\/2859\/revisions\/6256"}],"wp:attachment":[{"href":"https:\/\/www.cdrpompe.com\/de\/wp-json\/wp\/v2\/media?parent=2859"}],"curies":[{"name":"wp","href":"https:\/\/api.w.org\/{rel}","templated":true}]}}